{"id":448,"date":"2016-03-21T09:58:31","date_gmt":"2016-03-21T09:58:31","guid":{"rendered":"http:\/\/okthemes.com\/villenoirdemonew\/?page_id=448"},"modified":"2024-01-12T00:23:27","modified_gmt":"2024-01-11T23:23:27","slug":"le-domaine-2","status":"publish","type":"page","link":"http:\/\/hubertmetz.com\/index.php\/le-domaine-2\/","title":{"rendered":"Le domaine"},"content":{"rendered":"<p>[vc_row full_width=&#8221;stretch_row_content_no_spaces&#8221; css=&#8221;.vc_custom_1458555179979{padding-bottom: 0px !important;}&#8221;][vc_column][vc_gallery interval=&#8221;0&#8243; images=&#8221;2507,2508,2604&#8243; img_size=&#8221;full&#8221; onclick=&#8221;&#8221;][\/vc_column][\/vc_row][vc_row css=&#8221;.vc_custom_1458737831058{padding-bottom: 0px !important;}&#8221;][vc_column width=&#8221;1\/6&#8243;][\/vc_column][vc_column width=&#8221;2\/3&#8243; css=&#8221;.vc_custom_1458555142589{padding-right: 10% !important;padding-left: 10% !important;}&#8221;]\n\t<div class=\"title-subtitle-box  \" style=\" text-align: center;\">\n\t\t<p  style=\"\">Introduction au<\/p>\n\t\t<h1 style=\" font-style: normal;\">Domaine Hubert METZ<\/h1>\n\t<\/div> [vc_column_text]<\/p>\n<p style=\"margin: 0cm; text-align: justify; background: white;\"><strong><span style=\"font-family: 'Lato',sans-serif; color: black;\">Au Domaine C\u00e9line Metz,<\/span><\/strong><span style=\"font-family: 'Lato',sans-serif; color: black;\">\u00a0nous avons toujours gard\u00e9 la m\u00eame\u00a0<strong><span style=\"font-family: 'Lato',sans-serif;\">philosophie<\/span><\/strong>\u00a0pour conduire le vignoble et vinifier nos vins avec passion,\u00a0guid\u00e9s par nos principes de\u00a0<strong><span style=\"font-family: 'Lato',sans-serif;\">respect de la plante et de son environnement<\/span><\/strong>\u00a0afin qu\u2019elle produise du raisin dans les meilleures conditions. En cave, nous continuons cette d\u00e9marche en accompagnant nos\u00a0crus en \u00ab\u00a0douceur\u00a0\u00bb. En effet, les interventions humaines restent limit\u00e9es afin de pr\u00e9server l\u2019\u00e9quilibre naturellement donn\u00e9 au vin.<\/span><\/p>\n<p style=\"margin: 0cm; text-align: justify; background: white;\"><span style=\"font-family: 'Lato',sans-serif; color: black;\"><br \/>\nDe plus, le domaine a rentr\u00e9 en automne 2021 sa 1\u00e8re vendange certifi\u00e9e en viticulture biologique apr\u00e8s des ann\u00e9es de pratiques durables et est membre de l\u2019association <strong><span style=\"font-family: 'Lato',sans-serif;\">Vignes Vivantes<\/span><\/strong>, qui oeuvre pour la connaissance des terroirs, de la vie du sol, de l\u2019\u00e9change entre les vignerons. Nous privil\u00e9gions la\u00a0<strong><span style=\"font-family: 'Lato',sans-serif;\">vie du sol<\/span><\/strong>,\u00a0<strong><span style=\"font-family: 'Lato',sans-serif;\">la pr\u00e9servation des\u00a0esp\u00e8ces\u00a0animales auxiliaires<\/span><\/strong>,\u00a0<strong><span style=\"font-family: 'Lato',sans-serif;\">l\u2019\u00e9quilibre de la vigne\u00a0<\/span><\/strong>et l\u2019utilisation de\u00a0<strong><span style=\"font-family: 'Lato',sans-serif;\">moyens biologiques<\/span><\/strong>.\u2026.<\/span><\/p>\n<p>[\/vc_column_text]<div class=\"gg-horizontal-list  vc_custom_1617050555891\"><dl class=\"horizontal\">\n\t<dt >Surface<\/dt>\n\t<dd >10 hectares<\/dd>\n\t<dt >Types de sols<\/dt>\n\t<dd >Granite, sables, limons, marnes du Keuper<\/dd>\n\t<dt >C\u00e9pages<\/dt>\n\t<dd >Riesling, Pinot Noir, Pinot Gris, Gewurztraminer, Pinot Blanc, Muscat, Sylvaner<\/dd>\n\t<dt >Culture<\/dt>\n\t<dd >Agriculture Biologique<\/dd><\/dl><\/div>[\/vc_column][vc_column width=&#8221;1\/6&#8243;][\/vc_column][\/vc_row][vc_row full_width=&#8221;stretch_row&#8221; css=&#8221;.vc_custom_1617354476188{padding-top: 60px !important;background-image: url(http:\/\/hubertmetz.com\/wp-content\/uploads\/2021\/04\/our-story-back-image-2-11.jpg?id=2297) !important;background-position: center !important;background-repeat: no-repeat !important;background-size: cover !important;}&#8221;][vc_column][vc_row_inner gap=&#8221;30&#8243;][vc_column_inner width=&#8221;1\/2&#8243; css=&#8221;.vc_custom_1460628751680{padding-top: 15% !important;padding-right: 15% !important;padding-bottom: 15% !important;padding-left: 15% !important;background-color: #b0976d !important;}&#8221; offset=&#8221;vc_col-lg-offset-0 vc_col-lg-4 vc_col-md-offset-0 vc_col-md-4 vc_col-sm-offset-3&#8243;][vc_icon type=&#8221;openiconic&#8221; icon_openiconic=&#8221;vc-oi vc-oi-layers-alt&#8221; color=&#8221;white&#8221;][vc_column_text]<\/p>\n<h2>Sols<\/h2>\n<p>Nos parcelles\u00a0 sont situ\u00e9es sur des terroirs multiples : du granite pour le Grand Cru Winzenberg (2 hectares), du gr\u00e8s pour\u00a0 notre cuv\u00e9e Pierre de Lune, une succession de sables, limons et un peu d\u2019argile pour les cuv\u00e9es plus traditionnelles. Le lieu-dit Breitstein repose sur des marnes du keuper, avec quelques veines granitiques en profondeur.[\/vc_column_text][\/vc_column_inner][vc_column_inner width=&#8221;1\/2&#8243; css=&#8221;.vc_custom_1460628787670{padding-top: 15% !important;padding-right: 15% !important;padding-bottom: 15% !important;padding-left: 15% !important;background-color: #ffffff !important;}&#8221; offset=&#8221;vc_col-lg-offset-0 vc_col-lg-4 vc_col-md-offset-0 vc_col-md-4 vc_col-sm-offset-3&#8243;][vc_icon type=&#8221;openiconic&#8221; icon_openiconic=&#8221;vc-oi vc-oi-sun&#8221; color=&#8221;custom&#8221; custom_color=&#8221;#b0976d&#8221;][vc_column_text]<\/p>\n<h2>Climat<\/h2>\n<p style=\"background: white; margin: 0cm 0cm 11.25pt 0cm;\"><span style=\"font-family: 'Lato',sans-serif; color: black;\">Le climat du village de Blienschwiller est semi-continental tout comme autour du Pi\u00e9mont des Vosges. <\/span><\/p>\n<p style=\"background: white; margin: 0cm 0cm 11.25pt 0cm;\"><span style=\"font-family: 'Lato',sans-serif; color: black;\">Le village est prot\u00e9g\u00e9 des pluies, notamment par l\u2019Ungersberg et le massif du Bernstein, qui le prot\u00e8gent des vents dominants venant de l\u2019ouest et apportant la pluie.\u00a0<\/span><\/p>\n<p>[\/vc_column_text][\/vc_column_inner][vc_column_inner width=&#8221;1\/2&#8243; css=&#8221;.vc_custom_1460628881427{padding-top: 15% !important;padding-right: 15% !important;padding-bottom: 15% !important;padding-left: 15% !important;background-color: #b0976d !important;}&#8221; offset=&#8221;vc_col-lg-offset-0 vc_col-lg-4 vc_col-md-offset-0 vc_col-md-4 vc_col-sm-offset-3&#8243;][vc_icon type=&#8221;openiconic&#8221; icon_openiconic=&#8221;vc-oi vc-oi-share&#8221; color=&#8221;white&#8221;][vc_column_text]<\/p>\n<h2>C\u00e9pages<\/h2>\n<p>Au domaine C\u00e9line Metz, nous cultivons les 7 c\u00e9pages alsaciens:<\/p>\n<p>des plus secs (Sylvaner, Pinot Blanc et Riesling) aux plus aromatiques (Muscat, Pinot Gris et Gewurztraminer) et bien entendu le Pinot Noir, seul c\u00e9page pour la production des vins rouges.[\/vc_column_text][\/vc_column_inner][\/vc_row_inner][vc_row_inner gap=&#8221;30&#8243;][vc_column_inner width=&#8221;1\/2&#8243; css=&#8221;.vc_custom_1460628891183{padding-top: 15% !important;padding-right: 15% !important;padding-bottom: 15% !important;padding-left: 15% !important;background-color: #ffffff !important;}&#8221; offset=&#8221;vc_col-lg-offset-0 vc_col-lg-4 vc_col-md-offset-0 vc_col-md-4 vc_col-sm-offset-3&#8243;][vc_icon type=&#8221;openiconic&#8221; icon_openiconic=&#8221;vc-oi vc-oi-layers&#8221; color=&#8221;custom&#8221; custom_color=&#8221;#b0976d&#8221;][vc_column_text]<\/p>\n<h2>Terroir<\/h2>\n<p style=\"margin: 0cm; background: white;\"><span style=\"font-family: 'Lato',sans-serif; color: black;\">Le\u00a0<strong><span style=\"font-family: 'Lato',sans-serif;\">terroir<\/span><\/strong>\u00a0le plus caract\u00e9ristique est celui du\u00a0<strong><span style=\"font-family: 'Lato',sans-serif;\">Grand Cru Winzenberg<\/span><\/strong>, compos\u00e9 de granite d\u00e9sagr\u00e9g\u00e9 \u00e0 deux micas. <\/span><\/p>\n<p style=\"margin: 0cm; background: white;\"><span style=\"font-family: 'Lato',sans-serif; color: black;\">Sur les 19 hectares de ce terroir d\u2019exception tr\u00e8s confidentiel, nous exploitons 2\u00a0 hectares de Riesling, Gewurztraminer et Pinot Gris.<br \/>\nCe terroir donne naissance \u00e0 de de grands vins de gastronomie, purs, cristallins, et min\u00e9raux.<\/span><\/p>\n<p>[\/vc_column_text][\/vc_column_inner][vc_column_inner width=&#8221;1\/2&#8243; css=&#8221;.vc_custom_1460628903037{padding-top: 15% !important;padding-right: 15% !important;padding-bottom: 15% !important;padding-left: 15% !important;background-color: #b0976d !important;}&#8221; offset=&#8221;vc_col-lg-offset-0 vc_col-lg-4 vc_col-md-offset-0 vc_col-md-4 vc_col-sm-offset-3&#8243;][vc_icon type=&#8221;openiconic&#8221; icon_openiconic=&#8221;vc-oi vc-oi-cd&#8221; color=&#8221;white&#8221;][vc_column_text]<\/p>\n<h2>Vignoble<\/h2>\n<p>Nos 10 hectares de vignoble sont situ\u00e9s principalement autour du village de Blienschwiller. Son morcellement en plus de 50 parcelles cadastrales apporte une diversit\u00e9 de sols particuli\u00e8rement riche. L\u2019\u00e2ge des vignes est \u00e9galement vari\u00e9 avec quelques vieilles vignes aux petits rendements donnant des vins tr\u00e8s expressifs et \u00e9l\u00e9gants.<\/p>\n<p>[\/vc_column_text][\/vc_column_inner][vc_column_inner width=&#8221;1\/2&#8243; css=&#8221;.vc_custom_1460628914502{padding-top: 15% !important;padding-right: 15% !important;padding-bottom: 15% !important;padding-left: 15% !important;background-color: #ffffff !important;}&#8221; offset=&#8221;vc_col-lg-offset-0 vc_col-lg-4 vc_col-md-offset-0 vc_col-md-4 vc_col-sm-offset-3&#8243;][vc_icon type=&#8221;openiconic&#8221; icon_openiconic=&#8221;vc-oi vc-oi-calendar-alt&#8221; color=&#8221;custom&#8221; custom_color=&#8221;#b0976d&#8221;][vc_column_text]<\/p>\n<h2>Cave<\/h2>\n<p style=\"margin: 0cm; text-align: justify; background: white;\"><span style=\"font-family: 'Lato',sans-serif; color: black;\">En 1728, l\u2019imp\u00f4t de la D\u00eeme \u00e9tait d\u00e9pos\u00e9 dans la Cave de la D\u00eeme, l\u00e0 o\u00f9 aujourd\u2019hui m\u00eame nous vous invitons \u00e0 la d\u00e9gustation. Durant 3 si\u00e8cles, des g\u00e9n\u00e9rations de vignerons se sont succ\u00e9d\u00e9es pour travailler la terre et la vigne dans le respect du terroir. Aujourd\u2019hui, C\u00e9line a repris le domaine et succ\u00e8de \u00e0 au moins 10 g\u00e9n\u00e9rations pour prolonger cette histoire de famille et vous proposer des vins d\u2019exception.<\/span><\/p>\n<p>[\/vc_column_text][\/vc_column_inner][\/vc_row_inner][\/vc_column][\/vc_row][vc_row][vc_column offset=&#8221;vc_col-lg-4 vc_col-md-4&#8243;]\n\t<div class=\"title-subtitle-box  \" style=\" text-align: left;\">\n\t\t<p  style=\"\">Domaine C\u00e9line METZ<\/p>\n\t\t<h1 style=\" font-style: normal;\">Situation<\/h1>\n\t<\/div> [\/vc_column][vc_column width=&#8221;1\/2&#8243; offset=&#8221;vc_col-lg-4 vc_col-md-4&#8243;][vc_single_image image=&#8221;2505&#8243; img_size=&#8221;195&#215;241&#8243; alignment=&#8221;center&#8221;][\/vc_column][vc_column width=&#8221;1\/2&#8243; offset=&#8221;vc_col-lg-4 vc_col-md-4&#8243;][vc_column_text]Situ\u00e9 au coeur de la Route des Vins d\u2019Alsace, le Domaine C\u00e9line Metz se situe \u00e0 Blienschwiller, \u00e0 mi-chemin entre Strasbourg et Colmar.<\/p>\n<p><a href=\"https:\/\/goo.gl\/maps\/9rSwEKviw1tnguL76\" target=\"_blank\" rel=\"noopener\">Acc\u00e8s<\/a>[\/vc_column_text][\/vc_column][\/vc_row][vc_row full_width=&#8221;stretch_row&#8221; full_height=&#8221;yes&#8221; content_placement=&#8221;middle&#8221; video_bg=&#8221;yes&#8221; video_bg_url=&#8221;https:\/\/www.youtube.com\/watch?v=wRzEJJIf2VQ&#8221;][vc_column][vc_icon icon_fontawesome=&#8221;fas fa-play&#8221; color=&#8221;custom&#8221; size=&#8221;lg&#8221; align=&#8221;center&#8221; custom_color=&#8221;#b0976d&#8221;]\n\t<div class=\"title-subtitle-box  \" style=\" text-align: center;\">\n\t\t<p  style=\"\">Survolez le<\/p>\n\t\t<h1 style=\" color:#ffffff;  font-style: normal;\">Grand Cru Winzenberg<\/h1>\n\t<\/div> [\/vc_column][\/vc_row][vc_row equal_height=&#8221;yes&#8221; content_placement=&#8221;middle&#8221; css=&#8221;.vc_custom_1617050657035{padding-bottom: 0px !important;}&#8221;][vc_column css=&#8221;.vc_custom_1460629135634{margin-top: 0px !important;margin-right: 0px !important;margin-bottom: 0px !important;margin-left: 0px !important;padding-top: 0px !important;padding-right: 0px !important;padding-bottom: 0px !important;padding-left: 0px !important;}&#8221; offset=&#8221;vc_col-lg-6 vc_col-md-6&#8243;][vc_single_image image=&#8221;2510&#8243; img_size=&#8221;full&#8221; css=&#8221;.vc_custom_1635203107099{margin-top: 0px !important;margin-right: 0px !important;margin-bottom: 0px !important;margin-left: 0px !important;padding-top: 0px !important;padding-right: 0px !important;padding-bottom: 0px !important;padding-left: 0px !important;}&#8221;][\/vc_column][vc_column css=&#8221;.vc_custom_1617307961494{padding: 20% !important;}&#8221; offset=&#8221;vc_col-lg-6 vc_col-md-6&#8243;]\n\t<div class=\"title-subtitle-box  vc_custom_1635202981664\" style=\" margin-bottom:90px; text-align: center;\">\n\t\t<p  style=\"\">Le domaine<\/p>\n\t\t<h1 style=\" font-style: normal;\">D\u00e9gustation et Visites<\/h1>\n\t<\/div> [vc_column_text css=&#8221;.vc_custom_1635203004734{margin-bottom: 90px !important;}&#8221;]<\/p>\n<p style=\"background: white; margin: 0cm 0cm 11.25pt 0cm;\"><span style=\"font-family: 'Lato',sans-serif; color: black;\">Vous voulez d\u00e9couvrir nos vins au domaine? Embarquez pour un voyage sensoriel lors d\u2019une d\u00e9gustation dans la Cave de la D\u00eeme.<\/span><\/p>\n<p style=\"margin: 0cm; background: white;\"><span style=\"font-family: 'Lato',sans-serif; color: black;\">Nous sommes ouverts du lundi au samedi de 9h \u00e0 12h et 14h \u00e0 18h; mais vous pouvez \u00e9galement prendre RDV.<br \/>\nFermeture le dimanche et jours f\u00e9ri\u00e9s<\/span><\/p>\n<p>[\/vc_column_text][\/vc_column][\/vc_row][vc_row full_width=&#8221;stretch_row&#8221; css=&#8221;.vc_custom_1460629297580{padding-top: 150px !important;padding-bottom: 150px !important;background: #f2f2f2 url(http:\/\/hubertmetz.com\/wp-content\/uploads\/2016\/03\/the-estate-our-address.jpg?id=478) !important;background-position: center !important;background-repeat: no-repeat !important;background-size: cover !important;}&#8221;][vc_column offset=&#8221;vc_col-lg-offset-2 vc_col-lg-8 vc_col-md-offset-2 vc_col-md-8&#8243;]\n\t<div class=\"title-subtitle-box  vc_custom_1635203054117\" style=\" margin-bottom:90px; text-align: center;\">\n\t\t<p  style=\"\">Nous trouver<\/p>\n\t\t<h1 style=\" font-style: normal;\">3 Rue du Winzenberg, 67650 BLIENSCHWILLER, France<\/h1>\n\t<\/div> [vc_btn title=&#8221;Horaires et contacts&#8221; style=&#8221;custom&#8221; custom_background=&#8221;#b0976d&#8221; custom_text=&#8221;#ffffff&#8221; shape=&#8221;square&#8221; align=&#8221;center&#8221; link=&#8221;url:http%3A%2F%2Fhubertmetz.com%2Findex.php%2Fcontact-2%2F|title:Contact&#8221;][\/vc_column][\/vc_row]<\/p>\n","protected":false},"excerpt":{"rendered":"<p>[vc_row full_width=&#8221;stretch_row_content_no_spaces&#8221; css=&#8221;.vc_custom_1458555179979{padding-bottom: 0px !important;}&#8221;][vc_column][vc_gallery interval=&#8221;0&#8243; images=&#8221;2507,2508,2604&#8243; img_size=&#8221;full&#8221; onclick=&#8221;&#8221;][\/vc_column][\/vc_row][vc_row css=&#8221;.vc_custom_1458737831058{padding-bottom: 0px !important;}&#8221;][vc_column width=&#8221;1\/6&#8243;][\/vc_column][vc_column width=&#8221;2\/3&#8243; css=&#8221;.vc_custom_1458555142589{padding-right: 10% !important;padding-left: 10% !important;}&#8221;][vc_column_text] Au Domaine C\u00e9line Metz,\u00a0nous avons toujours gard\u00e9 la m\u00eame\u00a0philosophie\u00a0pour conduire le<br class=\"read-more-spacer\"> <a class=\"more-link\" href=\"http:\/\/hubertmetz.com\/index.php\/le-domaine-2\/\">Read More<\/a><\/p>\n","protected":false},"author":1,"featured_media":0,"parent":0,"menu_order":0,"comment_status":"closed","ping_status":"closed","template":"","meta":{"footnotes":""},"class_list":["post-448","page","type-page","status-publish","hentry"],"_links":{"self":[{"href":"http:\/\/hubertmetz.com\/index.php\/wp-json\/wp\/v2\/pages\/448","targetHints":{"allow":["GET"]}}],"collection":[{"href":"http:\/\/hubertmetz.com\/index.php\/wp-json\/wp\/v2\/pages"}],"about":[{"href":"http:\/\/hubertmetz.com\/index.php\/wp-json\/wp\/v2\/types\/page"}],"author":[{"embeddable":true,"href":"http:\/\/hubertmetz.com\/index.php\/wp-json\/wp\/v2\/users\/1"}],"replies":[{"embeddable":true,"href":"http:\/\/hubertmetz.com\/index.php\/wp-json\/wp\/v2\/comments?post=448"}],"version-history":[{"count":14,"href":"http:\/\/hubertmetz.com\/index.php\/wp-json\/wp\/v2\/pages\/448\/revisions"}],"predecessor-version":[{"id":2681,"href":"http:\/\/hubertmetz.com\/index.php\/wp-json\/wp\/v2\/pages\/448\/revisions\/2681"}],"wp:attachment":[{"href":"http:\/\/hubertmetz.com\/index.php\/wp-json\/wp\/v2\/media?parent=448"}],"curies":[{"name":"wp","href":"https:\/\/api.w.org\/{rel}","templated":true}]}}