{"id":375,"date":"2016-03-18T14:14:52","date_gmt":"2016-03-18T14:14:52","guid":{"rendered":"http:\/\/okthemes.com\/villenoirdemonew\/?page_id=375"},"modified":"2025-01-09T16:12:56","modified_gmt":"2025-01-09T15:12:56","slug":"nos-vins-2","status":"publish","type":"page","link":"http:\/\/hubertmetz.com\/index.php\/nos-vins-2\/","title":{"rendered":"Nos vins"},"content":{"rendered":"<p>[vc_row full_width=&#8221;stretch_row&#8221; equal_height=&#8221;yes&#8221; content_placement=&#8221;middle&#8221; css=&#8221;.vc_custom_1458476549041{margin-top: 150px !important;background-color: #f1f1f1 !important;}&#8221;][vc_column width=&#8221;7\/12&#8243; offset=&#8221;vc_col-lg-8 vc_col-md-8&#8243;][vc_single_image image=&#8221;2684&#8243; img_size=&#8221;full&#8221;][vc_row_inner][vc_column_inner width=&#8221;1\/3&#8243;]\n\t<div class=\"counter-holder media  \" style=\"text-align:center;   \">\n\t\t\t<div class=\"counter-content media-body\">\n\t\t\t\t<span style=\" font-size:60px;\" class=\"counter\" data-number=\"2\" data-interval=\"100\" data-speed=\"1500\">2<\/span>\n\t\t\t\t<p >Cr\u00e9mants<\/p>\n\t\t\t<\/div>\n\t<\/div> [\/vc_column_inner][vc_column_inner width=&#8221;1\/3&#8243;]\n\t<div class=\"counter-holder media  \" style=\"text-align:center;   \">\n\t\t\t<div class=\"counter-content media-body\">\n\t\t\t\t<span style=\" font-size:60px;\" class=\"counter\" data-number=\"4\" data-interval=\"100\" data-speed=\"1500\">4<\/span>\n\t\t\t\t<p >C\u00e9pages<\/p>\n\t\t\t<\/div>\n\t<\/div> [\/vc_column_inner][vc_column_inner width=&#8221;1\/3&#8243;]\n\t<div class=\"counter-holder media  \" style=\"text-align:center;   \">\n\t\t\t<div class=\"counter-content media-body\">\n\t\t\t\t<span style=\" font-size:60px;\" class=\"counter\" data-number=\"2\" data-interval=\"100\" data-speed=\"1500\">2<\/span>\n\t\t\t\t<p >Couleurs<\/p>\n\t\t\t<\/div>\n\t<\/div> [\/vc_column_inner][\/vc_row_inner][\/vc_column][vc_column width=&#8221;5\/12&#8243; css=&#8221;.vc_custom_1617358719431{padding-top: 20% !important;padding-right: 20% !important;padding-bottom: 20% !important;padding-left: 20% !important;background: #ffffff url(http:\/\/hubertmetz.com\/wp-content\/uploads\/2021\/04\/triangles-icn-171.png?id=2323) !important;background-position: 0 0 !important;background-repeat: no-repeat !important;}&#8221; offset=&#8221;vc_col-lg-4 vc_col-md-4&#8243;]\n\t<div class=\"title-subtitle-box  \" style=\" text-align: left;\">\n\t\t<p  style=\"\">Notre gamme<\/p>\n\t\t<h2 style=\" font-style: normal;\">Les fabuleuses bulles<\/h2>\n\t<\/div> \n\t<div class=\"gg_list list_style_line  \">\n<ul>\n<li>Cr\u00e9mant d&#8217;Alsace blanc &#8211; brut nature<\/li>\n<li>Cr\u00e9mant d&#8217;Alsace ros\u00e9 &#8211; brut<\/li>\n<\/ul>\n<\/div>[vc_btn title=&#8221;En Savoir Plus&#8221; style=&#8221;custom&#8221; custom_background=&#8221;#dd7b2c&#8221; custom_text=&#8221;#ffffff&#8221; shape=&#8221;square&#8221; link=&#8221;url:https%3A%2F%2Fboutique.hubertmetz.com%2Fcollections%2Ffabuleuses-reserves|title:Cr%C3%A9mants%20et%20r%C3%A9serves|target:_blank&#8221; css=&#8221;.vc_custom_1635898569560{margin-bottom: 0px !important;}&#8221;][\/vc_column][\/vc_row][vc_row full_width=&#8221;stretch_row&#8221; equal_height=&#8221;yes&#8221; content_placement=&#8221;middle&#8221; css=&#8221;.vc_custom_1458476498163{padding-top: 0px !important;background-color: #f1f1f1 !important;}&#8221;][vc_column width=&#8221;1\/3&#8243; css=&#8221;.vc_custom_1617358774955{padding-top: 20% !important;padding-right: 20% !important;padding-bottom: 20% !important;padding-left: 20% !important;background-color: #ffffff !important;background-position: 0 0 !important;background-repeat: no-repeat !important;}&#8221;]\n\t<div class=\"title-subtitle-box  \" style=\" text-align: left;\">\n\t\t<p  style=\"\">Notre gamme<\/p>\n\t\t<h2 style=\" font-style: normal;\">Les fabuleuses R\u00e9serves<\/h2>\n\t<\/div> \n\t<div class=\"gg_list list_style_line  \">Blancs:\n<ul>\n<li>RECREATION<\/li>\n<li>KLEVNER PINOT BLANC<br \/>\nR\u00e9serve de la D\u00eeme<\/li>\n<li>RIESLING<br \/>\nR\u00e9serve de la D\u00eeme<\/li>\n<li>MUSCAT<br \/>\nR\u00e9serve de la D\u00eeme<\/li>\n<li>PINOT GRIS<br \/>\nR\u00e9serve de la D\u00eeme<\/li>\n<li>GEWURZTRAMINER<br \/>\nR\u00e9serve de la D\u00eeme<\/li>\n<\/ul>\nRouges et ros\u00e9s\n<ul>\n<li>Ros\u00e9 &#8220;Os\u00e9&#8221;<\/li>\n<li>PINOT NOIR<br \/>\nR\u00e9serve de la D\u00eeme<\/li>\n<\/ul>\n<\/div>[vc_btn title=&#8221;En Savoir Plus&#8221; style=&#8221;custom&#8221; custom_background=&#8221;#dd7b2c&#8221; custom_text=&#8221;#ffffff&#8221; shape=&#8221;square&#8221; link=&#8221;url:https%3A%2F%2Fboutique.hubertmetz.com%2Fcollections%2Ffabuleux-terroirs|title:Fabuleuses%20Vieilles%20Vignes|target:_blank&#8221; css=&#8221;.vc_custom_1635898585259{margin-bottom: 0px !important;}&#8221;][\/vc_column][vc_column width=&#8221;2\/3&#8243;][vc_single_image image=&#8221;2491&#8243; img_size=&#8221;full&#8221; alignment=&#8221;right&#8221;][vc_row_inner][vc_column_inner width=&#8221;1\/3&#8243;]\n\t<div class=\"counter-holder media  \" style=\"text-align:center;   \">\n\t\t\t<div class=\"counter-content media-body\">\n\t\t\t\t<span style=\" font-size:60px;\" class=\"counter\" data-number=\"6\" data-interval=\"100\" data-speed=\"1500\">6<\/span>\n\t\t\t\t<p >C\u00e9pages<\/p>\n\t\t\t<\/div>\n\t<\/div> [\/vc_column_inner][vc_column_inner width=&#8221;1\/3&#8243;]\n\t<div class=\"counter-holder media  \" style=\"text-align:center;   \">\n\t\t\t<div class=\"counter-content media-body\">\n\t\t\t\t<span style=\" font-size:60px;\" class=\"counter\" data-number=\"7\" data-interval=\"100\" data-speed=\"1500\">7<\/span>\n\t\t\t\t<p >Cuv\u00e9es<\/p>\n\t\t\t<\/div>\n\t<\/div> [\/vc_column_inner][vc_column_inner width=&#8221;1\/3&#8243;]\n\t<div class=\"counter-holder media  \" style=\"text-align:center;   \">\n\t\t\t<div class=\"counter-content media-body\">\n\t\t\t\t<span style=\" font-size:60px;\" class=\"counter\" data-number=\"3\" data-interval=\"100\" data-speed=\"1500\">3<\/span>\n\t\t\t\t<p >Couleurs<\/p>\n\t\t\t<\/div>\n\t<\/div> [\/vc_column_inner][\/vc_row_inner][\/vc_column][\/vc_row][vc_row full_width=&#8221;stretch_row&#8221; equal_height=&#8221;yes&#8221; content_placement=&#8221;middle&#8221; css=&#8221;.vc_custom_1458476549041{margin-top: 150px !important;background-color: #f1f1f1 !important;}&#8221;][vc_column width=&#8221;7\/12&#8243; offset=&#8221;vc_col-lg-8 vc_col-md-8&#8243;][vc_single_image image=&#8221;2517&#8243; img_size=&#8221;full&#8221;][vc_row_inner][vc_column_inner width=&#8221;1\/3&#8243;]\n\t<div class=\"counter-holder media  \" style=\"text-align:center;   \">\n\t\t\t<div class=\"counter-content media-body\">\n\t\t\t\t<span style=\" font-size:60px;\" class=\"counter\" data-number=\"4\" data-interval=\"100\" data-speed=\"1500\">4<\/span>\n\t\t\t\t<p >C\u00e9pages<\/p>\n\t\t\t<\/div>\n\t<\/div> [\/vc_column_inner][vc_column_inner width=&#8221;1\/3&#8243;]\n\t<div class=\"counter-holder media  \" style=\"text-align:center;   \">\n\t\t\t<div class=\"counter-content media-body\">\n\t\t\t\t<span style=\" font-size:60px;\" class=\"counter\" data-number=\"5\" data-interval=\"100\" data-speed=\"1500\">5<\/span>\n\t\t\t\t<p >Cuv\u00e9es<\/p>\n\t\t\t<\/div>\n\t<\/div> [\/vc_column_inner][vc_column_inner width=&#8221;1\/3&#8243;]\n\t<div class=\"counter-holder media  \" style=\"text-align:center;   \">\n\t\t\t<div class=\"counter-content media-body\">\n\t\t\t\t<span style=\" font-size:60px;\" class=\"counter\" data-number=\"2\" data-interval=\"100\" data-speed=\"1500\">2<\/span>\n\t\t\t\t<p >Couleurs<\/p>\n\t\t\t<\/div>\n\t<\/div> [\/vc_column_inner][\/vc_row_inner][\/vc_column][vc_column width=&#8221;5\/12&#8243; css=&#8221;.vc_custom_1617358719431{padding-top: 20% !important;padding-right: 20% !important;padding-bottom: 20% !important;padding-left: 20% !important;background: #ffffff url(http:\/\/hubertmetz.com\/wp-content\/uploads\/2021\/04\/triangles-icn-171.png?id=2323) !important;background-position: 0 0 !important;background-repeat: no-repeat !important;}&#8221; offset=&#8221;vc_col-lg-4 vc_col-md-4&#8243;]\n\t<div class=\"title-subtitle-box  \" style=\" text-align: left;\">\n\t\t<p  style=\"\">Notre gamme<\/p>\n\t\t<h2 style=\" font-style: normal;\">Les fabuleuses Vieilles Vignes<\/h2>\n\t<\/div> \n\t<div class=\"gg_list list_style_line  \">\n<ul>\n<li>Blancs:\n<ul>\n<li>RIESLING<br \/>\nVieilles Vignes<\/li>\n<li>SYLVANER S<br \/>\nVieilles Vignes<\/li>\n<li>PIERRE DE LUNE<br \/>\nPinot Blanc Vieilles Vignes<\/li>\n<\/ul>\nRouges et ros\u00e9s\n<ul>\n<li>PINOT NOIR<br \/>\nVieilles Vignes<\/li>\n<li>PINOT NOIR<br \/>\nElev\u00e9 en Barriques<\/li>\n<\/ul>\n<\/li>\n<\/ul>\n<\/div>[vc_btn title=&#8221;En Savoir plus&#8221; style=&#8221;custom&#8221; custom_background=&#8221;#dd7b2c&#8221; custom_text=&#8221;#ffffff&#8221; shape=&#8221;square&#8221; link=&#8221;url:https%3A%2F%2Fboutique.hubertmetz.com%2Fcollections%2Ffabuleux-terroirs|title:Fabuleuses%20Vieilles%20Vignes|target:_blank&#8221; css=&#8221;.vc_custom_1635898595373{margin-bottom: 0px !important;}&#8221;][\/vc_column][\/vc_row][vc_row full_width=&#8221;stretch_row&#8221; equal_height=&#8221;yes&#8221; content_placement=&#8221;middle&#8221; css=&#8221;.vc_custom_1458476498163{padding-top: 0px !important;background-color: #f1f1f1 !important;}&#8221;][vc_column width=&#8221;1\/3&#8243; css=&#8221;.vc_custom_1617358774955{padding-top: 20% !important;padding-right: 20% !important;padding-bottom: 20% !important;padding-left: 20% !important;background-color: #ffffff !important;background-position: 0 0 !important;background-repeat: no-repeat !important;}&#8221;]\n\t<div class=\"title-subtitle-box  \" style=\" text-align: left;\">\n\t\t<p  style=\"\">Notre gamme<\/p>\n\t\t<h2 style=\" font-style: normal;\">Les fabuleux Terroirs<\/h2>\n\t<\/div> \n\t<div class=\"gg_list list_style_line  \">\n<ul>\n<li>Riesling<br \/>\nGrand Cru Winzenberg<\/li>\n<li>Pinot Gris<br \/>\nGrand Cru Winzenberg<\/li>\n<li>Gewurztraminer<br \/>\nGrand Cru Winzenberg<\/li>\n<li>Gewurztraminer<br \/>\nBreitstein<\/li>\n<\/ul>\n<\/div>[vc_btn title=&#8221;En Savoir Plus&#8221; style=&#8221;custom&#8221; custom_background=&#8221;#dd7b2c&#8221; custom_text=&#8221;#ffffff&#8221; shape=&#8221;square&#8221; link=&#8221;url:https%3A%2F%2Fboutique.hubertmetz.com%2Fcollections%2Ffabuleux-terroirs|title:Fabuleuses%20Vieilles%20Vignes|target:_blank&#8221; css=&#8221;.vc_custom_1635898608923{margin-bottom: 0px !important;}&#8221;][\/vc_column][vc_column width=&#8221;2\/3&#8243;][vc_single_image image=&#8221;2496&#8243; img_size=&#8221;full&#8221; alignment=&#8221;right&#8221;][vc_row_inner][vc_column_inner width=&#8221;1\/3&#8243;]\n\t<div class=\"counter-holder media  \" style=\"text-align:center;   \">\n\t\t\t<div class=\"counter-content media-body\">\n\t\t\t\t<span style=\" font-size:60px;\" class=\"counter\" data-number=\"2\" data-interval=\"100\" data-speed=\"1500\">2<\/span>\n\t\t\t\t<p >Terroirs<\/p>\n\t\t\t<\/div>\n\t<\/div> [\/vc_column_inner][vc_column_inner width=&#8221;1\/3&#8243;]\n\t<div class=\"counter-holder media  \" style=\"text-align:center;   \">\n\t\t\t<div class=\"counter-content media-body\">\n\t\t\t\t<span style=\" font-size:60px;\" class=\"counter\" data-number=\"3\" data-interval=\"100\" data-speed=\"1500\">3<\/span>\n\t\t\t\t<p >C\u00e9pages<\/p>\n\t\t\t<\/div>\n\t<\/div> [\/vc_column_inner][vc_column_inner width=&#8221;1\/3&#8243;]\n\t<div class=\"counter-holder media  \" style=\"text-align:center;   \">\n\t\t\t<div class=\"counter-content media-body\">\n\t\t\t\t<span style=\" font-size:60px;\" class=\"counter\" data-number=\"4\" data-interval=\"100\" data-speed=\"1500\">4<\/span>\n\t\t\t\t<p >Cuv\u00e9es<\/p>\n\t\t\t<\/div>\n\t<\/div> [\/vc_column_inner][\/vc_row_inner][\/vc_column][\/vc_row][vc_row full_width=&#8221;stretch_row&#8221; equal_height=&#8221;yes&#8221; content_placement=&#8221;middle&#8221; css=&#8221;.vc_custom_1458476549041{margin-top: 150px !important;background-color: #f1f1f1 !important;}&#8221;][vc_column width=&#8221;7\/12&#8243; offset=&#8221;vc_col-lg-8 vc_col-md-8&#8243;][vc_single_image image=&#8221;2523&#8243;][vc_row_inner][vc_column_inner width=&#8221;1\/3&#8243;]\n\t<div class=\"counter-holder media  \" style=\"text-align:center;   \">\n\t\t\t<div class=\"counter-content media-body\">\n\t\t\t\t<span style=\" font-size:60px;\" class=\"counter\" data-number=\"2\" data-interval=\"100\" data-speed=\"1500\">2<\/span>\n\t\t\t\t<p >C\u00e9pages<\/p>\n\t\t\t<\/div>\n\t<\/div> [\/vc_column_inner][vc_column_inner width=&#8221;1\/3&#8243;]\n\t<div class=\"counter-holder media  \" style=\"text-align:center;   \">\n\t\t\t<div class=\"counter-content media-body\">\n\t\t\t\t<span style=\" font-size:60px;\" class=\"counter\" data-number=\"7\" data-interval=\"100\" data-speed=\"1500\">7<\/span>\n\t\t\t\t<p >Cuv\u00e9es<\/p>\n\t\t\t<\/div>\n\t<\/div> [\/vc_column_inner][\/vc_row_inner][\/vc_column][vc_column width=&#8221;5\/12&#8243; css=&#8221;.vc_custom_1617358719431{padding-top: 20% !important;padding-right: 20% !important;padding-bottom: 20% !important;padding-left: 20% !important;background: #ffffff url(http:\/\/hubertmetz.com\/wp-content\/uploads\/2021\/04\/triangles-icn-171.png?id=2323) !important;background-position: 0 0 !important;background-repeat: no-repeat !important;}&#8221; offset=&#8221;vc_col-lg-4 vc_col-md-4&#8243;]\n\t<div class=\"title-subtitle-box  \" style=\" text-align: left;\">\n\t\t<p  style=\"\">Notre gamme<\/p>\n\t\t<h2 style=\" font-style: normal;\">Les fabuleuses Gourmandises<\/h2>\n\t<\/div> \n\t<div class=\"gg_list list_style_line  \">\n<ul>\n<li>\n<ul>\n<li>RIESLING<br \/>\nCuv\u00e9e Saint Hubert Vendanges Tardives<\/li>\n<li>GEWURZTRAMINER<br \/>\nCuv\u00e9e Saint Hubert<\/li>\n<li>GEWURZTRAMINER<br \/>\nGrand Cru Winzenberg Vendanges Tardives<\/li>\n<li>PINOT GRIS<br \/>\nGrand Cru Winzenberg Vendanges Tardives<\/li>\n<li>MUSCAT CONCERTO POUR VALENTIN<\/li>\n<li>GEWURZTRAMINER<br \/>\nGrand Cru Winzenberg S\u00e9lection de Grains Nobles<\/li>\n<li>PINOT GRIS ALLEGRETTO POUR ELISE<\/li>\n<\/ul>\n<ul>\n<li><\/li>\n<\/ul>\n<\/li>\n<\/ul>\n<\/div>[vc_btn title=&#8221;En Savoir plus&#8221; style=&#8221;custom&#8221; custom_background=&#8221;#dd7b2c&#8221; custom_text=&#8221;#ffffff&#8221; shape=&#8221;square&#8221; link=&#8221;url:https%3A%2F%2Fboutique.hubertmetz.com%2Fcollections%2Ffabuleuses-gourmandises|title:Fabuleuses%20Gourmandises|target:_blank&#8221; css=&#8221;.vc_custom_1635898617438{margin-bottom: 0px !important;}&#8221;][\/vc_column][\/vc_row][vc_row][vc_column]\n\t<div class=\"title-subtitle-box  \" style=\" text-align: center;\">\n\t\t<p  style=\"\">SInce 2001<\/p>\n\t\t<h1 style=\" font-style: normal;\">Quelques unes de nos r\u00e9compenses<\/h1>\n\t<\/div> [vc_row_inner][vc_column_inner width=&#8221;1\/6&#8243;][\/vc_column_inner][vc_column_inner width=&#8221;2\/6&#8243;][vc_column_text]<\/p>\n<h4><strong>James Suckling<\/strong><\/h4>\n<p>Pinot Noir R\u00e9serve de la D\u00eeme : 91 pts<br \/>\nRiesling R\u00e9serve de la D\u00eeme : 91 pts<br \/>\nPinot Noir Elev\u00e9 en Barriques: 91 pts<br \/>\nPierre de Lune : 93 pts<br \/>\nGewurztraminer Grand Cru Winzenberg : 93 pts<br \/>\nRiesling Cuv\u00e9e Saint Hubert Vendanges Tardives : 93 pts<\/p>\n<h4><strong>La Revue du Vin de France<\/strong><\/h4>\n<p>Riesling Grand Cru Winzenberg 2021: 93\/100<br \/>\nPinot Gris R\u00e9serve de la D\u00eeme 2019 : 91\/100<br \/>\nR\u00e9cr\u00e9ation 2022 : 91\/100<\/p>\n<h4><strong>Guide Hachette<\/strong><\/h4>\n<p>Riesling Vieilles Vignes 2019 : 1 Etoile<br \/>\nGewurztraminer Grand Cru Winzenberg 2021: 2 Etoiles<br \/>\nPinot Noir Elev\u00e9 en Barriques: 1 \u00e9toile[\/vc_column_text][\/vc_column_inner][vc_column_inner width=&#8221;2\/6&#8243;][vc_column_text]<\/p>\n<h4><strong>Yves Beck<\/strong><\/h4>\n<p>Le Baiser de Chlo\u00e9 Pinot Noir 2019 : 90\/100<br \/>\nRiesling Grand Cru Winzenberg 2019: 93\/100<br \/>\nSylvaner S 2023: 90\/10<br \/>\nRiesling Vieilles Vignes 2022: 88\/100<br \/>\nPinot Noir Vieilles Vignes 2023: 90\/100<br \/>\nRiesling Grand Cru Winzenberg 2021: 93\/100<br \/>\nRiesling Grand Cru Winzenberg 2020: 94\/100<br \/>\nGewurztraminer Grand Cru Winzenberg 2022: 93\/100<\/p>\n<h4><strong>Terre de Vins<\/strong><\/h4>\n<p>R\u00e9cr\u00e9ation : 93\/100<\/p>\n<h4><strong>Vinum<\/strong><\/h4>\n<p>Cr\u00e9mant blanc: 15.5\/20<br \/>\nCr\u00e9mant ros\u00e9 : 16\/20<br \/>\nPinot Noir Vieilles Vignes 2017 : 17\/20<br \/>\nPierre de Lune 2015: 16.5\/20[\/vc_column_text][\/vc_column_inner][vc_column_inner width=&#8221;1\/6&#8243;][\/vc_column_inner][\/vc_row_inner][vc_row_inner][vc_column_inner width=&#8221;1\/6&#8243;][\/vc_column_inner][vc_column_inner width=&#8221;2\/6&#8243;]\n\t<div class=\"featured-image-box  text-align-left\">\n\t\t<figure class=\" default\">\n\t\t\t <img decoding=\"async\" class=\"wp-post-image default\" src=\"http:\/\/hubertmetz.com\/wp-content\/uploads\/2021\/10\/IMG_9906-Copie-e1635207263771.jpg\" alt=\"\" \/> \n\t\t<figcaption>\n\t\t\t<h4>Nos raisins<\/h4>\n\t\t\t<p>Nous faisons le maximum pour pr\u00e9server l'int\u00e9grit\u00e9 de nos raisins, de la vigne jusqu'au chais, ceci afin de garantir une belle qualit\u00e9.<\/p>\n\t\t<\/figcaption>\n\t\t<\/figure>\n\t<\/div> \n\t<div class=\"featured-image-box  text-align-left\">\n\t\t<figure class=\" default\">\n\t\t\t <img decoding=\"async\" class=\"wp-post-image default\" src=\"http:\/\/hubertmetz.com\/wp-content\/uploads\/2021\/10\/IMG_9047-scaled-e1635206646270.jpg\" alt=\"\" \/> \n\t\t<figcaption>\n\t\t\t<h4>Nos bouchons<\/h4>\n\t\t\t<p>Nous conservons sur nos vins de terroir des qualit\u00e9s sup\u00e9rieures de bouchons, test\u00e9s pour la plupart individuellement contre le go\u00fbt de bouchon (technologie One by One). Pour nos cuv\u00e9es traditionnelles, nous avons opt\u00e9 pour des bouchons plus technologiques afin d'\u00e9viter tout probl\u00e8me.<\/p>\n\t\t<\/figcaption>\n\t\t<\/figure>\n\t<\/div> [\/vc_column_inner][vc_column_inner width=&#8221;2\/6&#8243;]\n\t<div class=\"featured-image-box  text-align-left\">\n\t\t<figure class=\" default\">\n\t\t\t <img decoding=\"async\" class=\"wp-post-image default\" src=\"http:\/\/hubertmetz.com\/wp-content\/uploads\/2021\/10\/IMG_6530-scaled-e1635207192611.jpg\" alt=\"\" \/> \n\t\t<figcaption>\n\t\t\t<h4>Nos barriques<\/h4>\n\t\t\t<p>Nous s\u00e9lectionnons attentivement les barriques que nous utilisons pour certaines cuv\u00e9es, en ayant toujours dans l'objectif le type de vins et le temps d'\u00e9levage que nous souhaitons.<\/p>\n\t\t<\/figcaption>\n\t\t<\/figure>\n\t<\/div> \n\t<div class=\"featured-image-box  text-align-left\">\n\t\t<figure class=\" default\">\n\t\t\t <img decoding=\"async\" class=\"wp-post-image default\" src=\"http:\/\/hubertmetz.com\/wp-content\/uploads\/2021\/10\/domaine-hubert-metz-2.jpg\" alt=\"\" \/> \n\t\t<figcaption>\n\t\t\t<h4>Elevage<\/h4>\n\t\t\t<p>Selon les volumes r\u00e9colt\u00e9s, nous d\u00e9finissons si les vins sont elev\u00e9s dans les foudres ancestraux de notre Cave de la D\u00eeme, ou en cuve inox... voire parfois en barriques.<\/p>\n\t\t<\/figcaption>\n\t\t<\/figure>\n\t<\/div> [\/vc_column_inner][vc_column_inner width=&#8221;1\/6&#8243;][\/vc_column_inner][\/vc_row_inner][\/vc_column][\/vc_row]<\/p>\n","protected":false},"excerpt":{"rendered":"<p>[vc_row full_width=&#8221;stretch_row&#8221; equal_height=&#8221;yes&#8221; content_placement=&#8221;middle&#8221; css=&#8221;.vc_custom_1458476549041{margin-top: 150px !important;background-color: #f1f1f1 !important;}&#8221;][vc_column width=&#8221;7\/12&#8243; offset=&#8221;vc_col-lg-8 vc_col-md-8&#8243;][vc_single_image image=&#8221;2684&#8243; img_size=&#8221;full&#8221;][vc_row_inner][vc_column_inner width=&#8221;1\/3&#8243;][\/vc_column_inner][vc_column_inner width=&#8221;1\/3&#8243;][\/vc_column_inner][vc_column_inner width=&#8221;1\/3&#8243;][\/vc_column_inner][\/vc_row_inner][\/vc_column][vc_column width=&#8221;5\/12&#8243; css=&#8221;.vc_custom_1617358719431{padding-top: 20% !important;padding-right: 20% !important;padding-bottom: 20% !important;padding-left: 20% !important;background: #ffffff url(http:\/\/hubertmetz.com\/wp-content\/uploads\/2021\/04\/triangles-icn-171.png?id=2323) !important;background-position:<br class=\"read-more-spacer\"> <a class=\"more-link\" href=\"http:\/\/hubertmetz.com\/index.php\/nos-vins-2\/\">Read More<\/a><\/p>\n","protected":false},"author":1,"featured_media":0,"parent":0,"menu_order":0,"comment_status":"closed","ping_status":"closed","template":"","meta":{"footnotes":""},"class_list":["post-375","page","type-page","status-publish","hentry"],"_links":{"self":[{"href":"http:\/\/hubertmetz.com\/index.php\/wp-json\/wp\/v2\/pages\/375","targetHints":{"allow":["GET"]}}],"collection":[{"href":"http:\/\/hubertmetz.com\/index.php\/wp-json\/wp\/v2\/pages"}],"about":[{"href":"http:\/\/hubertmetz.com\/index.php\/wp-json\/wp\/v2\/types\/page"}],"author":[{"embeddable":true,"href":"http:\/\/hubertmetz.com\/index.php\/wp-json\/wp\/v2\/users\/1"}],"replies":[{"embeddable":true,"href":"http:\/\/hubertmetz.com\/index.php\/wp-json\/wp\/v2\/comments?post=375"}],"version-history":[{"count":26,"href":"http:\/\/hubertmetz.com\/index.php\/wp-json\/wp\/v2\/pages\/375\/revisions"}],"predecessor-version":[{"id":2706,"href":"http:\/\/hubertmetz.com\/index.php\/wp-json\/wp\/v2\/pages\/375\/revisions\/2706"}],"wp:attachment":[{"href":"http:\/\/hubertmetz.com\/index.php\/wp-json\/wp\/v2\/media?parent=375"}],"curies":[{"name":"wp","href":"https:\/\/api.w.org\/{rel}","templated":true}]}}