{"id":27,"date":"2021-10-04T22:29:48","date_gmt":"2021-10-04T20:29:48","guid":{"rendered":"http:\/\/hubertmetz.com\/?page_id=27"},"modified":"2021-11-03T00:52:04","modified_gmt":"2021-11-02T23:52:04","slug":"boutique","status":"publish","type":"page","link":"http:\/\/hubertmetz.com\/index.php\/boutique\/","title":{"rendered":"Boutique"},"content":{"rendered":"<p>Retrouvez toutes nos cuv\u00e9es sur notre boutique en ligne. Vous pourrez consulter la description de chacune de nos cuv\u00e9es et s\u00e9lectionnez vos coups de coeur.<\/p>\n<h2 style=\"text-align: center;\"><a href=\"https:\/\/boutique.hubertmetz.com\" target=\"_blank\" rel=\"noopener\">Boutique<\/a><\/h2>\n","protected":false},"excerpt":{"rendered":"<p>Retrouvez toutes nos cuv\u00e9es sur notre boutique en ligne. Vous pourrez consulter la description de chacune de nos cuv\u00e9es et s\u00e9lectionnez vos coups de coeur. Boutique<\/p>\n","protected":false},"author":1,"featured_media":0,"parent":0,"menu_order":0,"comment_status":"closed","ping_status":"closed","template":"","meta":{"footnotes":""},"class_list":["post-27","page","type-page","status-publish","hentry"],"_links":{"self":[{"href":"http:\/\/hubertmetz.com\/index.php\/wp-json\/wp\/v2\/pages\/27","targetHints":{"allow":["GET"]}}],"collection":[{"href":"http:\/\/hubertmetz.com\/index.php\/wp-json\/wp\/v2\/pages"}],"about":[{"href":"http:\/\/hubertmetz.com\/index.php\/wp-json\/wp\/v2\/types\/page"}],"author":[{"embeddable":true,"href":"http:\/\/hubertmetz.com\/index.php\/wp-json\/wp\/v2\/users\/1"}],"replies":[{"embeddable":true,"href":"http:\/\/hubertmetz.com\/index.php\/wp-json\/wp\/v2\/comments?post=27"}],"version-history":[{"count":3,"href":"http:\/\/hubertmetz.com\/index.php\/wp-json\/wp\/v2\/pages\/27\/revisions"}],"predecessor-version":[{"id":2542,"href":"http:\/\/hubertmetz.com\/index.php\/wp-json\/wp\/v2\/pages\/27\/revisions\/2542"}],"wp:attachment":[{"href":"http:\/\/hubertmetz.com\/index.php\/wp-json\/wp\/v2\/media?parent=27"}],"curies":[{"name":"wp","href":"https:\/\/api.w.org\/{rel}","templated":true}]}}