{"id":24,"date":"2021-10-04T22:29:48","date_gmt":"2021-10-04T20:29:48","guid":{"rendered":"http:\/\/hubertmetz.com\/?page_id=24"},"modified":"2025-11-03T22:28:03","modified_gmt":"2025-11-03T21:28:03","slug":"evenements","status":"publish","type":"page","link":"http:\/\/hubertmetz.com\/index.php\/evenements\/","title":{"rendered":"Ev\u00e9nements"},"content":{"rendered":"<p>[vc_row][vc_column][vc_column_text]<strong>MARSEILLE (13) :\u00a0 21 au 24 novembre 2025 \u2013 SAVIM<img fetchpriority=\"high\" decoding=\"async\" class=\"size-medium wp-image-2510 alignright\" src=\"http:\/\/hubertmetz.com\/wp-content\/uploads\/2021\/10\/IMG_5947-1-225x300.jpg\" alt=\"\" width=\"225\" height=\"300\" srcset=\"http:\/\/hubertmetz.com\/wp-content\/uploads\/2021\/10\/IMG_5947-1-225x300.jpg 225w, http:\/\/hubertmetz.com\/wp-content\/uploads\/2021\/10\/IMG_5947-1-768x1024.jpg 768w, http:\/\/hubertmetz.com\/wp-content\/uploads\/2021\/10\/IMG_5947-1-1152x1536.jpg 1152w, http:\/\/hubertmetz.com\/wp-content\/uploads\/2021\/10\/IMG_5947-1-1536x2048.jpg 1536w, http:\/\/hubertmetz.com\/wp-content\/uploads\/2021\/10\/IMG_5947-1-scaled.jpg 1920w\" sizes=\"(max-width: 225px) 100vw, 225px\" \/><\/strong><strong><br \/>\n<\/strong>Parc Chanot \u00e0 Marseille, stand I5<br \/>\n<a href=\"https:\/\/www.salons-savim.fr\/marseille\/telechargez-votre-invitation-gratuite-savim-marseille\/\" target=\"_blank\" rel=\"noopener\">t\u00e9l\u00e9chargez votre invitation en ligne<\/a><\/p>\n<p><strong>ROUSSAS (26) : 29 et 30 novembre 2025<\/strong><strong><br \/>\n<\/strong>Portes Ouvertes chez O. &amp; H. BOUR<strong><br \/>\n<\/strong>Domaine de Grangeneuve<\/p>\n<p><strong>AZELOT (54): <\/strong>\u00a0<strong>13 et 14 d\u00e9cembre 20254<\/strong><br \/>\nSalon des Vignerons<br \/>\nFoyer Rural \u00e0 Azelot<\/p>\n<p><strong>LOCQUIGNOL (59): 9 au 11 janvier 2026<\/strong><br \/>\nWeek-end Alsace<strong><br \/>\n<\/strong>Auberge du Coucou (Locquignol, For\u00eat de Mormal)<\/p>\n<p><strong>MONTPELLIER (34)<\/strong> :<strong> 25 au 28 janvier 2025<\/strong><\/p>\n<p><strong>Off des Vinifilles<\/strong> : 25 janvier 2025(R\u00e9serv\u00e9 aux professionnels)<\/p>\n<p><strong>Salon Mill\u00e9sime Bio<\/strong> : 26 au 28 janvier 2025 (Salon ouvert uniquement aux professionnels)<br \/>\nParc des Expositions de Montpellier<\/p>\n<p><strong>PARIS: 9 au 11 f\u00e9vrier 2025<\/strong><strong><br \/>\n<\/strong>Wine Paris (Salon ouvert uniquement aux professionnels)<br \/>\nPorte de Versailles, Parc des Expositions<\/p>\n<p><strong>STRASBOURG (67): \u00a013 au 16\u00a0 f\u00e9vrier 2025<\/strong><br \/>\nSalon des Vignerons Ind\u00e9pendants<strong><br \/>\n<\/strong><span style=\"color: #ff6600;\"><span style=\"color: #000000;\">Parc des Expositions, 3 Avenue Herrenschmidt \u00e0 Strasbourg<\/span><\/span><\/p>\n<p><strong>GIVRY (71): \u00a021 et 22 mars 2025<\/strong><br \/>\nD\u00e9gustation crois\u00e9e\u00a0<strong><br \/>\n<\/strong>Domaine Pelletier-Hibon<\/p>\n<p><strong>PARIS (75) : 23 mars 2025<\/strong><br \/>\nSalon des Femmes de Vin (R\u00e9serv\u00e9 uniquement aux professionnels)[\/vc_column_text][\/vc_column][\/vc_row][vc_row][vc_column][vc_cta h2=&#8221;Retrouvez nos vins en ligne&#8221; txt_align=&#8221;center&#8221; color=&#8221;orange&#8221;]Retrouvez l&#8217;ensemble de notre gamme sur notre boutique en ligne et faites-vous exp\u00e9dier les vins directement chez vous!<\/p>\n<h4 style=\"text-align: center;\"><a href=\"https:\/\/boutique.hubertmetz.com\">https:\/\/boutique.hubertmetz.com\u00a0<\/a><\/h4>\n<p>[\/vc_cta][\/vc_column][\/vc_row][vc_row][vc_column][vc_images_carousel images=&#8221;2510,2547,2604,2733&#8243; img_size=&#8221;large&#8221;][\/vc_column][\/vc_row]<\/p>\n","protected":false},"excerpt":{"rendered":"<p>[vc_row][vc_column][vc_column_text]MARSEILLE (13) :\u00a0 21 au 24 novembre 2025 \u2013 SAVIM Parc Chanot \u00e0 Marseille, stand I5 t\u00e9l\u00e9chargez votre invitation en ligne ROUSSAS (26) : 29 et 30 novembre 2025 Portes<br class=\"read-more-spacer\"> <a class=\"more-link\" href=\"http:\/\/hubertmetz.com\/index.php\/evenements\/\">Read More<\/a><\/p>\n","protected":false},"author":1,"featured_media":0,"parent":0,"menu_order":0,"comment_status":"closed","ping_status":"closed","template":"","meta":{"footnotes":""},"class_list":["post-24","page","type-page","status-publish","hentry"],"_links":{"self":[{"href":"http:\/\/hubertmetz.com\/index.php\/wp-json\/wp\/v2\/pages\/24","targetHints":{"allow":["GET"]}}],"collection":[{"href":"http:\/\/hubertmetz.com\/index.php\/wp-json\/wp\/v2\/pages"}],"about":[{"href":"http:\/\/hubertmetz.com\/index.php\/wp-json\/wp\/v2\/types\/page"}],"author":[{"embeddable":true,"href":"http:\/\/hubertmetz.com\/index.php\/wp-json\/wp\/v2\/users\/1"}],"replies":[{"embeddable":true,"href":"http:\/\/hubertmetz.com\/index.php\/wp-json\/wp\/v2\/comments?post=24"}],"version-history":[{"count":20,"href":"http:\/\/hubertmetz.com\/index.php\/wp-json\/wp\/v2\/pages\/24\/revisions"}],"predecessor-version":[{"id":2734,"href":"http:\/\/hubertmetz.com\/index.php\/wp-json\/wp\/v2\/pages\/24\/revisions\/2734"}],"wp:attachment":[{"href":"http:\/\/hubertmetz.com\/index.php\/wp-json\/wp\/v2\/media?parent=24"}],"curies":[{"name":"wp","href":"https:\/\/api.w.org\/{rel}","templated":true}]}}