{"id":193,"date":"2016-03-10T10:44:30","date_gmt":"2016-03-10T10:44:30","guid":{"rendered":"http:\/\/okthemes.com\/villenoirdemonew\/?page_id=193"},"modified":"2025-07-06T21:44:08","modified_gmt":"2025-07-06T19:44:08","slug":"homepage-2-2-2-2","status":"publish","type":"page","link":"http:\/\/hubertmetz.com\/","title":{"rendered":"Accueil"},"content":{"rendered":"\t\t<div data-elementor-type=\"wp-page\" data-elementor-id=\"193\" class=\"elementor elementor-193\">\n\t\t\t\t\t\t<section class=\"elementor-section elementor-top-section elementor-element elementor-element-53d17c5d elementor-section-boxed elementor-section-height-default elementor-section-height-default\" data-id=\"53d17c5d\" data-element_type=\"section\">\n\t\t\t\t\t\t<div class=\"elementor-container elementor-column-gap-default\">\n\t\t\t\t\t<div class=\"elementor-column elementor-col-100 elementor-top-column elementor-element elementor-element-143b90e5\" data-id=\"143b90e5\" data-element_type=\"column\">\n\t\t\t<div class=\"elementor-widget-wrap elementor-element-populated\">\n\t\t\t\t\t\t<div class=\"elementor-element elementor-element-3b0bcea4 elementor-widget elementor-widget-text-editor\" data-id=\"3b0bcea4\" data-element_type=\"widget\" data-widget_type=\"text-editor.default\">\n\t\t\t\t<div class=\"elementor-widget-container\">\n\t\t\t\t\t\t\t\t\t<p>[vc_row full_width=&#8221;stretch_row_content_no_spaces&#8221; equal_height=&#8221;yes&#8221; content_placement=&#8221;middle&#8221; css=&#8221;.vc_custom_1617302572453{padding-top: 0px !important;padding-bottom: 0px !important;background-position: center !important;background-repeat: no-repeat !important;background-size: contain !important;}&#8221; el_class=&#8221;gg-force-background-left&#8221;][vc_column offset=&#8221;vc_col-lg-6 vc_col-md-6&#8243;][vc_single_image image=&#8221;2445&#8243; img_size=&#8221;full&#8221; css=&#8221;.vc_custom_1633390844981{margin-bottom: 0px !important;}&#8221;][\/vc_column][vc_column css=&#8221;.vc_custom_1460549807462{margin-bottom: 0px !important;padding-top: 20% !important;padding-right: 20% !important;padding-bottom: 20% !important;padding-left: 30px !important;}&#8221; offset=&#8221;vc_col-lg-6 vc_col-md-6&#8243;]\n\t<div class=\"title-subtitle-box  vc_custom_1751829793335\" style=\" margin-bottom:90px; text-align: left;\">\n\t\t<p  style=\"\">Le domaine C\u00e9line Metz<\/p>\n\t\t<h1 style=\" color:#ab945f;  font-style: normal;\">Un fabuleux destin&#8230; de vignerons !<\/h1>\n\t<\/div> [vc_column_text]<\/p><p style=\"text-align: justify;\"><span lang=\"FR\">Le <strong>domaine C\u00e9line METZ,<\/strong> c&#8217;est la nouvelle g\u00e9n\u00e9ration et la continuit\u00e9 du domaine Hubert METZ. 11\u00e8me g\u00e9n\u00e9ration de l&#8217;histoire, nous avons la chance de pouvoir exploiter <strong>10 hectares<\/strong> de vignobles dont <strong>2 sur le Grand Cru Winzenberg (granite)<\/strong> et de vinifier dans une cave familiale de 1728.\u00a0<\/span><\/p><p style=\"text-align: justify;\"><span lang=\"FR\">Notre ambition est de travailler le plus <strong>naturellement <\/strong>possible en limitant les interventions au maximum, afin de respecter l&#8217;\u00e9quilibre de la plante et celui du vin. Nous privil\u00e9gions des \u00e9levages plut\u00f4t longs afin que les vins puissent prendre leur temps pour arriver \u00e0 leur \u00e9quilibre final. Depuis 2021, nous sommes certifi\u00e9s en <strong>agriculture biologique<\/strong> et depuis 2023, nous avons commenc\u00e9 la <strong>biodynamie<\/strong> afin d&#8217;apporter une dimension suppl\u00e9mentaire, d&#8217;exprimer encore plus l<strong>a min\u00e9ralit\u00e9 de nos terroirs.\u00a0<\/strong><\/span><\/p><p style=\"text-align: justify;\"><span lang=\"FR\">Nous proposons des <strong>vins de terroir,<\/strong> des vins de c\u00e9page (Riesling Pinot Gris, Sylvaner etc) des <strong>pinots noirs <\/strong>de caract\u00e8re sur les<strong> c\u00f4teaux granitiques<\/strong> du village, des <strong>Cr\u00e9mants <\/strong>tout en finesse et quelques nouvelles cuv\u00e9es d&#8217;assemblage.\u00a0<\/span><\/p><p>1<sup>\u00e8re<\/sup> femme des 8 g\u00e9n\u00e9rations qui se sont succ\u00e9d\u00e9es, C\u00e9line est revenue au domaine en 2013 apr\u00e8s une carri\u00e8re professionnelle dans les nouvelles technologies et s\u2019est install\u00e9e en 2016. Elle vinifie avec son compagnon Jean-Michel dans la continuit\u00e9 de l\u2019histoire du domaine tout en apportant leurs touches de nouveaut\u00e9s.<\/p><p>&#8220;<em>Nous avons pris beaucoup de plaisir \u00e0 \u00e9laborer nos vins pour vous. Nous esp\u00e9rons que vous prendrez beaucoup de plaisir \u00e0 les d\u00e9guster ! &#8220;<\/em><br \/>C\u00e9line et Jean-Michel[\/vc_column_text][\/vc_column][\/vc_row][vc_row full_width=&#8221;stretch_row_content_no_spaces&#8221; equal_height=&#8221;yes&#8221; content_placement=&#8221;middle&#8221; css=&#8221;.vc_custom_1617302641081{background-color: #f1f1f1 !important;}&#8221;][vc_column width=&#8221;7\/12&#8243; offset=&#8221;vc_col-lg-8 vc_col-md-8&#8243; css=&#8221;.vc_custom_1460370683208{padding-right: 60px !important;}&#8221;][vc_single_image image=&#8221;2587&#8243; img_size=&#8221;large&#8221; el_class=&#8221;force-90-width-large-screen&#8221;][vc_row_inner][vc_column_inner width=&#8221;1\/3&#8243;]\n\t<div class=\"counter-holder media  \" style=\"text-align:center;   \">\n\t\t\t<div class=\"counter-content media-body\">\n\t\t\t\t<span style=\" font-size:60px;\" class=\"counter\" data-number=\"7\" data-interval=\"100\" data-speed=\"1500\">7<\/span>\n\t\t\t\t<p >C\u00e9pages<\/p>\n\t\t\t<\/div>\n\t<\/div> [\/vc_column_inner][vc_column_inner width=&#8221;1\/3&#8243;]\n\t<div class=\"counter-holder media  \" style=\"text-align:center;   \">\n\t\t\t<div class=\"counter-content media-body\">\n\t\t\t\t<span style=\" font-size:60px;\" class=\"counter\" data-number=\"25\" data-interval=\"100\" data-speed=\"1500\">25<\/span>\n\t\t\t\t<p >Cuv\u00e9es<\/p>\n\t\t\t<\/div>\n\t<\/div> [\/vc_column_inner][vc_column_inner width=&#8221;1\/3&#8243;]\n\t<div class=\"counter-holder media  \" style=\"text-align:center;   \">\n\t\t\t<div class=\"counter-content media-body\">\n\t\t\t\t<span style=\" font-size:60px;\" class=\"counter\" data-number=\"3\" data-interval=\"100\" data-speed=\"1500\">3<\/span>\n\t\t\t\t<p >AOC<\/p>\n\t\t\t<\/div>\n\t<\/div> [\/vc_column_inner][\/vc_row_inner][\/vc_column][vc_column width=&#8221;5\/12&#8243; css=&#8221;.vc_custom_1617358182464{padding-top: 20% !important;padding-right: 20% !important;padding-bottom: 20% !important;padding-left: 20% !important;background: #ffffff url(http:\/\/hubertmetz.com\/wp-content\/uploads\/2021\/04\/triangles-icn-171.png?id=2323) !important;background-position: 0 0 !important;background-repeat: no-repeat !important;}&#8221; offset=&#8221;vc_col-lg-4 vc_col-md-4&#8243;]\n\t<div class=\"title-subtitle-box  \" style=\" text-align: left;\">\n\t\t<p  style=\"\">Nos vins<\/p>\n\t\t<h2 style=\" font-style: normal;\">Nos gammes<\/h2>\n\t<\/div> \n\t<div class=\"gg_list list_style_line  \"><ul><li>Les fabuleuses r\u00e9serves<\/li><li>Les fabuleuses vieilles vignes<\/li><li>Les fabuleux terroirs<\/li><li>Les fabuleuses gourmandises<\/li><\/ul><\/div>[vc_btn title=&#8221;Voir la boutique&#8221; style=&#8221;custom&#8221; custom_background=&#8221;#ab945f&#8221; custom_text=&#8221;#ffffff&#8221; shape=&#8221;square&#8221; i_type=&#8221;entypo&#8221; i_icon_entypo=&#8221;entypo-icon entypo-icon-basket&#8221; add_icon=&#8221;true&#8221; link=&#8221;url:http%3A%2F%2Fboutique.hubertmetz.com|title:Boutique%20du%20Domaine%20Hubert%20METZ|target:_blank&#8221; css=&#8221;.vc_custom_1751829835007{margin-bottom: 0px !important;}&#8221;][\/vc_column][\/vc_row][vc_row equal_height=&#8221;yes&#8221; content_placement=&#8221;middle&#8221; css=&#8221;.vc_custom_1617302734517{padding-bottom: 0px !important;}&#8221;][vc_column css=&#8221;.vc_custom_1460370846525{margin-top: 0px !important;margin-right: 0px !important;margin-bottom: 0px !important;margin-left: 0px !important;padding-top: 0px !important;padding-right: 0px !important;padding-bottom: 0px !important;padding-left: 0px !important;}&#8221; offset=&#8221;vc_col-lg-6 vc_col-md-6&#8243;][vc_single_image image=&#8221;2456&#8243; img_size=&#8221;full&#8221; css=&#8221;.vc_custom_1633389072721{margin-top: 0px !important;margin-right: 0px !important;margin-bottom: 0px !important;margin-left: 0px !important;padding-top: 0px !important;padding-right: 0px !important;padding-bottom: 0px !important;padding-left: 0px !important;}&#8221;][\/vc_column][vc_column css=&#8221;.vc_custom_1466409537918{padding-top: 20% !important;padding-right: 20% !important;padding-bottom: 20% !important;padding-left: 20% !important;background-color: #f1f1f1 !important;}&#8221; offset=&#8221;vc_col-lg-6 vc_col-md-6&#8243;]\n\t<div class=\"title-subtitle-box  vc_custom_1633388942243\" style=\" margin-bottom:90px; text-align: center;\">\n\t\t<p  style=\"\">Vins d&#8217;Alsace<\/p>\n\t\t<h1 style=\" font-style: normal;\">Nos vins<\/h1>\n\t<\/div> [vc_column_text css=&#8221;.vc_custom_1633388984312{margin-bottom: 90px !important;}&#8221;]Le domaine propose les cuv\u00e9es traditionnelles \u00ab<strong>\u00a0R\u00e9serve de la D\u00eeme<\/strong> \u00bb (Riesling, Pinot Gris, Gewurztraminer, Pinot Noir, Muscat, Sylvaner, Pinot Blanc), mais aussi des vins de terroir produits notamment sur le <strong>Grand Cru Winzenberg<\/strong>\u00a0(Riesling, Pinot Gris et Gewurztraminer) qui r\u00e9v\u00e8le puret\u00e9 et min\u00e9ralit\u00e9,\u00a0les\u00a0<strong>Cr\u00e9mants d\u2019Alsace<\/strong>\u00a0(blancs et ros\u00e9s) et quelques nouvelles cuv\u00e9es \u00e9lev\u00e9es en barriques (Pinot Noir, Pinot Blanc).[\/vc_column_text][vc_btn title=&#8221;D\u00e9couvrez nos vins&#8221; style=&#8221;custom&#8221; custom_background=&#8221;#ab945f&#8221; custom_text=&#8221;#ffffff&#8221; shape=&#8221;square&#8221; align=&#8221;center&#8221; link=&#8221;url:http%3A%2F%2Fhubertmetz.com%2Findex.php%2Fnos-vins-2%2F|title:Le%20domaine|target:_blank&#8221;][\/vc_column][\/vc_row][vc_row equal_height=&#8221;yes&#8221; content_placement=&#8221;middle&#8221; css=&#8221;.vc_custom_1617302734517{padding-bottom: 0px !important;}&#8221;][vc_column css=&#8221;.vc_custom_1460370846525{margin-top: 0px !important;margin-right: 0px !important;margin-bottom: 0px !important;margin-left: 0px !important;padding-top: 0px !important;padding-right: 0px !important;padding-bottom: 0px !important;padding-left: 0px !important;}&#8221; offset=&#8221;vc_col-lg-6 vc_col-md-6&#8243;][vc_single_image image=&#8221;2453&#8243; img_size=&#8221;full&#8221; css=&#8221;.vc_custom_1633388687788{margin-top: 0px !important;margin-right: 0px !important;margin-bottom: 0px !important;margin-left: 0px !important;padding-top: 0px !important;padding-right: 0px !important;padding-bottom: 0px !important;padding-left: 0px !important;}&#8221;][\/vc_column][vc_column css=&#8221;.vc_custom_1466409537918{padding-top: 20% !important;padding-right: 20% !important;padding-bottom: 20% !important;padding-left: 20% !important;background-color: #f1f1f1 !important;}&#8221; offset=&#8221;vc_col-lg-6 vc_col-md-6&#8243;]\n\t<div class=\"title-subtitle-box  vc_custom_1633388572896\" style=\" margin-bottom:90px; text-align: center;\">\n\t\t<p  style=\"\">Le Domaine<\/p>\n\t\t<h1 style=\" font-style: normal;\">D\u00e9gustations et visites<\/h1>\n\t<\/div> [vc_column_text css=&#8221;.vc_custom_1633388656512{margin-bottom: 90px !important;}&#8221;]Venez-nous rencontrer au domaine et embarquez pour un voyage sensoriel lors d\u2019une d\u00e9gustation dans la Cave de la D\u00eeme de 1728\u2026. un lieu hors du temps![\/vc_column_text][vc_btn title=&#8221;Galerie&#8221; style=&#8221;custom&#8221; custom_background=&#8221;#ab945f&#8221; custom_text=&#8221;#ffffff&#8221; shape=&#8221;square&#8221; align=&#8221;center&#8221; link=&#8221;url:http%3A%2F%2Fhubertmetz.com%2Findex.php%2Fgalerie%2F|title:Visitez%20le%20domaine%20en%20image&#8221;][vc_btn title=&#8221;Contactez-nous&#8221; style=&#8221;custom&#8221; custom_background=&#8221;#ab945f&#8221; custom_text=&#8221;#ffffff&#8221; shape=&#8221;square&#8221; align=&#8221;center&#8221; link=&#8221;url:http%3A%2F%2Fhubertmetz.com%2Findex.php%2Fcontact-2%2F|title:Le%20domaine&#8221;][\/vc_column][\/vc_row][vc_row full_width=&#8221;stretch_row&#8221; css=&#8221;.vc_custom_1457626757165{background-color: #f1f1f1 !important;}&#8221;][vc_column]<div class=\"vc_widget vc_widget_instagram\"><div class=\"widget gg-instagram-feed\">        <div class=\"media\">\r\n        <div class=\"media-left\">\r\n        <h2 class=\"widgettitle\">Instagram<\/h2>\r\n        \r\n                <\/div> <!-- .media-left -->\r\n        \r\n        <div class=\"media-body\">\r\n        \t\t<div id=\"sbi_mod_error\" >\n\t\t\t<span>This error message is only visible to WordPress admins<\/span><br\/>\n\t\t\t<p><strong>Error: No feed found.<\/strong>\n\t\t\t<p>Please go to the Instagram Feed settings page to create a feed.<\/p>\n\t\t<\/div>\n\t\t        <\/div><!-- .media-body -->\r\n        <\/div><!-- .media -->\r\n        \r\n        <\/div><\/div>[\/vc_column][\/vc_row][vc_row][vc_column][\/vc_column][\/vc_row][vc_row][vc_column]<div class=\"vc_widget vc_widget_instagram\"><div class=\"widget gg-instagram-feed\">        <div class=\"media\">\r\n        <div class=\"media-left\">\r\n        \r\n        \r\n                <\/div> <!-- .media-left -->\r\n        \r\n        <div class=\"media-body\">\r\n        \t\t<div id=\"sbi_mod_error\" >\n\t\t\t<span>This error message is only visible to WordPress admins<\/span><br\/>\n\t\t\t<p><strong>Error: No feed found.<\/strong>\n\t\t\t<p>Please go to the Instagram Feed settings page to create a feed.<\/p>\n\t\t<\/div>\n\t\t        <\/div><!-- .media-body -->\r\n        <\/div><!-- .media -->\r\n        \r\n        <\/div><\/div>[\/vc_column][\/vc_row]<\/p>\t\t\t\t\t\t\t\t<\/div>\n\t\t\t\t<\/div>\n\t\t\t\t\t<\/div>\n\t\t<\/div>\n\t\t\t\t\t<\/div>\n\t\t<\/section>\n\t\t\t\t<section class=\"elementor-section elementor-top-section elementor-element elementor-element-c15a21f elementor-section-boxed elementor-section-height-default elementor-section-height-default\" data-id=\"c15a21f\" data-element_type=\"section\">\n\t\t\t\t\t\t<div class=\"elementor-container elementor-column-gap-default\">\n\t\t\t\t\t<div class=\"elementor-column elementor-col-100 elementor-top-column elementor-element elementor-element-359d139\" data-id=\"359d139\" data-element_type=\"column\">\n\t\t\t<div class=\"elementor-widget-wrap elementor-element-populated\">\n\t\t\t\t\t\t<div class=\"elementor-element elementor-element-dad72ab elementor-widget elementor-widget-sbi-widget\" data-id=\"dad72ab\" data-element_type=\"widget\" data-widget_type=\"sbi-widget.default\">\n\t\t\t\t<div class=\"elementor-widget-container\">\n\t\t\t\t\tNo feed selected to display.\t\t\t\t<\/div>\n\t\t\t\t<\/div>\n\t\t\t\t\t<\/div>\n\t\t<\/div>\n\t\t\t\t\t<\/div>\n\t\t<\/section>\n\t\t\t\t<\/div>\n\t\t","protected":false},"excerpt":{"rendered":"<p>[vc_row full_width=&#8221;stretch_row_content_no_spaces&#8221; equal_height=&#8221;yes&#8221; content_placement=&#8221;middle&#8221; css=&#8221;.vc_custom_1617302572453{padding-top: 0px !important;padding-bottom: 0px !important;background-position: center !important;background-repeat: no-repeat !important;background-size: contain !important;}&#8221; el_class=&#8221;gg-force-background-left&#8221;][vc_column offset=&#8221;vc_col-lg-6 vc_col-md-6&#8243;][vc_single_image image=&#8221;2445&#8243; img_size=&#8221;full&#8221; css=&#8221;.vc_custom_1633390844981{margin-bottom: 0px !important;}&#8221;][\/vc_column][vc_column css=&#8221;.vc_custom_1460549807462{margin-bottom: 0px !important;padding-top: 20% !important;padding-right: 20% !important;padding-bottom:<br class=\"read-more-spacer\"> <a class=\"more-link\" href=\"http:\/\/hubertmetz.com\/\">Read More<\/a><\/p>\n","protected":false},"author":1,"featured_media":0,"parent":0,"menu_order":0,"comment_status":"closed","ping_status":"closed","template":"","meta":{"footnotes":""},"class_list":["post-193","page","type-page","status-publish","hentry"],"_links":{"self":[{"href":"http:\/\/hubertmetz.com\/index.php\/wp-json\/wp\/v2\/pages\/193","targetHints":{"allow":["GET"]}}],"collection":[{"href":"http:\/\/hubertmetz.com\/index.php\/wp-json\/wp\/v2\/pages"}],"about":[{"href":"http:\/\/hubertmetz.com\/index.php\/wp-json\/wp\/v2\/types\/page"}],"author":[{"embeddable":true,"href":"http:\/\/hubertmetz.com\/index.php\/wp-json\/wp\/v2\/users\/1"}],"replies":[{"embeddable":true,"href":"http:\/\/hubertmetz.com\/index.php\/wp-json\/wp\/v2\/comments?post=193"}],"version-history":[{"count":44,"href":"http:\/\/hubertmetz.com\/index.php\/wp-json\/wp\/v2\/pages\/193\/revisions"}],"predecessor-version":[{"id":2725,"href":"http:\/\/hubertmetz.com\/index.php\/wp-json\/wp\/v2\/pages\/193\/revisions\/2725"}],"wp:attachment":[{"href":"http:\/\/hubertmetz.com\/index.php\/wp-json\/wp\/v2\/media?parent=193"}],"curies":[{"name":"wp","href":"https:\/\/api.w.org\/{rel}","templated":true}]}}